{"id":1011,"date":"2023-07-06T13:30:57","date_gmt":"2023-07-06T12:30:57","guid":{"rendered":"https:\/\/langile.eus\/historia\/"},"modified":"2023-08-29T12:23:39","modified_gmt":"2023-08-29T11:23:39","slug":"historia","status":"publish","type":"page","link":"https:\/\/langile.eus\/es\/historia\/","title":{"rendered":"Historia"},"content":{"rendered":"<section class=\"l-section wpb_row us_custom_4c77c721 height_auto\"><div class=\"l-section-h i-cf\"><div class=\"g-cols vc_row via_grid cols_1 laptops-cols_inherit tablets-cols_inherit mobiles-cols_1 valign_top type_default stacking_default\"><div class=\"wpb_column vc_column_container\"><div class=\"vc_column-inner\"><div class=\"wpb_text_column\"><div class=\"wpb_wrapper\"><h1>Historia<\/h1>\n<\/div><\/div><\/div><\/div><\/div><\/div><\/section><section class=\"l-section wpb_row us_custom_a9d76f88 height_auto\"><div class=\"l-section-h i-cf\"><div class=\"g-cols vc_row via_grid cols_2-1 laptops-cols_inherit tablets-cols_inherit mobiles-cols_1 valign_top type_default stacking_default\"><div class=\"wpb_column vc_column_container\"><div class=\"vc_column-inner\"><div class=\"w-hwrapper valign_top align_none\" style=\"--hwrapper-gap:1.20rem\"><div class=\"w-vwrapper us_custom_caccef2f align_none valign_top\"><div class=\"wpb_text_column\"><div class=\"wpb_wrapper\"><h2 style=\"text-align: right;\">1970<br \/>\n<img loading=\"lazy\" decoding=\"async\" class=\"alignnone size-full wp-image-247\" src=\"https:\/\/langile.eus\/wp-content\/uploads\/2023\/07\/Linea-44.png\" alt=\"\" width=\"59\" height=\"2\" \/><\/h2>\n<p style=\"text-align: right;\">El a\u00f1o 1970 se puso en marcha el Parvulario que fue el origen de nuestra actual ikastola.<\/p>\n<\/div><\/div><div class=\"wpb_text_column us_custom_f7ae29db\"><div class=\"wpb_wrapper\"><h2 style=\"text-align: right;\">1993\/94<br \/>\n<img loading=\"lazy\" decoding=\"async\" class=\"alignnone size-full wp-image-247\" src=\"https:\/\/langile.eus\/wp-content\/uploads\/2023\/07\/Linea-44.png\" alt=\"\" width=\"59\" height=\"2\" \/><\/h2>\n<p style=\"text-align: right;\">Durante el curso 1993\/94\u00a0 la Ikastola se publifica.<\/p>\n<\/div><\/div><div class=\"wpb_text_column us_custom_3f9aaa1c\"><div class=\"wpb_wrapper\"><h2 style=\"text-align: right;\">2009<br \/>\n<img loading=\"lazy\" decoding=\"async\" class=\"alignnone size-full wp-image-247\" src=\"https:\/\/langile.eus\/wp-content\/uploads\/2023\/07\/Linea-44.png\" alt=\"\" width=\"59\" height=\"2\" \/><\/h2>\n<p style=\"text-align: right;\">En 2009, por imposici\u00f3n del Departamento de Educaci\u00f3n del Gobierno Vasco, se fusionaron todos los centros de Educaci\u00f3n secundaria de Hernani. A partir de esta fecha, la Ikastola Langile acoge alumnos de 2 a 12 a\u00f1os. (HH2 \u2013LH6)<\/p>\n<\/div><\/div><\/div><div class=\"w-vwrapper us_custom_e68d04bd align_center valign_top\" style=\"--vwrapper-gap:0.4rem\"><div class=\"w-image us_custom_d297ec04 align_none\"><div class=\"w-image-h\"><img decoding=\"async\" width=\"30\" height=\"30\" src=\"https:\/\/langile.eus\/wp-content\/uploads\/2023\/07\/Elipse-112.png\" class=\"attachment-large size-large\" alt=\"\" loading=\"lazy\" \/><\/div><\/div><div class=\"w-image us_custom_4c8ff134 align_none\"><div class=\"w-image-h\"><img decoding=\"async\" width=\"30\" height=\"30\" src=\"https:\/\/langile.eus\/wp-content\/uploads\/2023\/07\/Elipse-112.png\" class=\"attachment-large size-large\" alt=\"\" loading=\"lazy\" \/><\/div><\/div><div class=\"w-image us_custom_b7b86c55 align_none\"><div class=\"w-image-h\"><img decoding=\"async\" width=\"30\" height=\"30\" src=\"https:\/\/langile.eus\/wp-content\/uploads\/2023\/07\/Elipse-112.png\" class=\"attachment-large size-large\" alt=\"\" loading=\"lazy\" \/><\/div><\/div><div class=\"w-image us_custom_6a151745 align_none\"><div class=\"w-image-h\"><img decoding=\"async\" width=\"30\" height=\"30\" src=\"https:\/\/langile.eus\/wp-content\/uploads\/2023\/07\/Elipse-112.png\" class=\"attachment-large size-large\" alt=\"\" loading=\"lazy\" \/><\/div><\/div><div class=\"w-image us_custom_697e1601 align_none\"><div class=\"w-image-h\"><img decoding=\"async\" width=\"30\" height=\"30\" src=\"https:\/\/langile.eus\/wp-content\/uploads\/2023\/07\/Elipse-112.png\" class=\"attachment-large size-large\" alt=\"\" loading=\"lazy\" \/><\/div><\/div><\/div><div class=\"w-vwrapper us_custom_caccef2f align_none valign_top\"><div class=\"wpb_text_column us_custom_f7ae29db\"><div class=\"wpb_wrapper\"><h2>1976<br \/>\n<img loading=\"lazy\" decoding=\"async\" class=\"alignnone size-full wp-image-247\" src=\"https:\/\/langile.eus\/wp-content\/uploads\/2023\/07\/Linea-44.png\" alt=\"\" width=\"59\" height=\"2\" \/><\/h2>\n<p>A partir de 1976 esta experiencia se legaliza como cooperativa y adopta el nombre de LANGILE.<\/p>\n<\/div><\/div><div class=\"wpb_text_column us_custom_b08249a5\"><div class=\"wpb_wrapper\"><h2>1996<br \/>\n<img loading=\"lazy\" decoding=\"async\" class=\"alignnone size-full wp-image-247\" src=\"https:\/\/langile.eus\/wp-content\/uploads\/2023\/07\/Linea-44.png\" alt=\"\" width=\"59\" height=\"2\" \/><\/h2>\n<p>En 1996 como consecuencia de la implantaci\u00f3n de la ESO, nuestro proyecto se ampl\u00eda hasta los 16 a\u00f1os.<\/p>\n<\/div><\/div><\/div><\/div><\/div><\/div><div class=\"wpb_column vc_column_container\"><div class=\"vc_column-inner\"><div class=\"w-image align_none\"><div class=\"w-image-h\"><img decoding=\"async\" width=\"415\" height=\"440\" src=\"https:\/\/langile.eus\/wp-content\/uploads\/2023\/07\/Grupo-243.png\" class=\"attachment-large size-large\" alt=\"\" loading=\"lazy\" srcset=\"https:\/\/langile.eus\/wp-content\/uploads\/2023\/07\/Grupo-243.png 415w, https:\/\/langile.eus\/wp-content\/uploads\/2023\/07\/Grupo-243-283x300.png 283w\" sizes=\"auto, (max-width: 415px) 100vw, 415px\" \/><\/div><\/div><div class=\"w-image align_none\"><div class=\"w-image-h\"><img decoding=\"async\" width=\"538\" height=\"361\" src=\"https:\/\/langile.eus\/wp-content\/uploads\/2023\/07\/Grupo-244.png\" class=\"attachment-large size-large\" alt=\"\" loading=\"lazy\" srcset=\"https:\/\/langile.eus\/wp-content\/uploads\/2023\/07\/Grupo-244.png 538w, https:\/\/langile.eus\/wp-content\/uploads\/2023\/07\/Grupo-244-300x201.png 300w\" sizes=\"auto, (max-width: 538px) 100vw, 538px\" \/><\/div><\/div><div class=\"w-image align_none\"><div class=\"w-image-h\"><img decoding=\"async\" width=\"415\" height=\"420\" src=\"https:\/\/langile.eus\/wp-content\/uploads\/2023\/07\/Grupo-246-1.png\" class=\"attachment-large size-large\" alt=\"\" loading=\"lazy\" srcset=\"https:\/\/langile.eus\/wp-content\/uploads\/2023\/07\/Grupo-246-1.png 415w, https:\/\/langile.eus\/wp-content\/uploads\/2023\/07\/Grupo-246-1-296x300.png 296w\" sizes=\"auto, (max-width: 415px) 100vw, 415px\" \/><\/div><\/div><\/div><\/div><\/div><\/div><\/section><section class=\"l-section wpb_row us_custom_71254ddb height_medium\"><div class=\"l-section-h i-cf\"><div class=\"g-cols vc_row via_grid cols_1 laptops-cols_inherit tablets-cols_inherit mobiles-cols_1 valign_top type_default stacking_default\"><div class=\"wpb_column vc_column_container\"><div class=\"vc_column-inner\"><\/div><\/div><\/div><\/div><\/section><section class=\"l-section wpb_row us_custom_f7efec09 height_small\"><div class=\"l-section-h i-cf\"><div class=\"g-cols vc_row via_grid cols_5-1 laptops-cols_inherit tablets-cols_inherit mobiles-cols_1 valign_top type_default stacking_default\"><div class=\"wpb_column vc_column_container\"><div class=\"vc_column-inner\"><h3 class=\"w-text\"><span class=\"w-text-h\"><span class=\"w-text-value\">Galeria de im\u00e1genes<\/span><\/span><\/h3><div class=\"w-slider style_none fit_contain nav_none count_1\"><div class=\"w-slider-h\" aria-hidden=\"true\"><div class=\"royalSlider\"><div class=\"rsContent\"><a class=\"rsImg\" data-rsw=\"743\" data-rsh=\"496\" data-rsBigImg=\"https:\/\/langile.eus\/wp-content\/uploads\/2023\/07\/POLIDEPORTIBOA-78koak-13924.jpg\" href=\"https:\/\/langile.eus\/wp-content\/uploads\/2023\/07\/POLIDEPORTIBOA-78koak-13924.jpg\"><span data-alt=\"\"><\/span><\/a><div class=\"rsABlock\" data-fadeEffect=\"false\" data-moveEffect=\"none\"><div class=\"w-slider-item-title\">kiroldegia-1993<\/div><\/div><\/div><\/div><img decoding=\"async\" src=\"https:\/\/langile.eus\/wp-content\/uploads\/2023\/07\/POLIDEPORTIBOA-78koak-13924.jpg\" width=\"743\" height=\"496\" alt loading=\"lazy\"><\/div><div class=\"w-slider-json\" onclick='return {&quot;autoScaleSlider&quot;:true,&quot;addActiveClass&quot;:true,&quot;loop&quot;:true,&quot;fadeInLoadedSlide&quot;:false,&quot;slidesSpacing&quot;:0,&quot;imageScalePadding&quot;:0,&quot;numImagesToPreload&quot;:2,&quot;arrowsNav&quot;:true,&quot;arrowsNavAutoHide&quot;:false,&quot;transitionType&quot;:&quot;move&quot;,&quot;transitionSpeed&quot;:250,&quot;block&quot;:{&quot;moveEffect&quot;:&quot;none&quot;,&quot;speed&quot;:300},&quot;thumbs&quot;:{&quot;fitInViewport&quot;:false,&quot;firstMargin&quot;:false,&quot;spacing&quot;:4},&quot;controlNavigation&quot;:&quot;none&quot;,&quot;fullscreen&quot;:{&quot;enabled&quot;:true},&quot;autoScaleSliderWidth&quot;:743,&quot;autoScaleSliderHeight&quot;:496}'><\/div><\/div><\/div><\/div><div class=\"wpb_column vc_column_container us_custom_2366aa9c\"><div class=\"vc_column-inner\"><div class=\"w-btn-wrapper align_left\"><a class=\"w-btn us-btn-style_1 us_custom_9dd029fa icon_atleft\" target=\"_blank\" rel=\"nofollow\" href=\"https:\/\/kronika.eus\/hernani\/1573221354173-50-urte-eskola-berria-amesten\"><i class=\"fas fa-angle-double-right\"><\/i><span class=\"w-btn-label\">Cr\u00f3nica sobre nuestra historia<\/span><\/a><\/div><div class=\"w-image us_custom_19dbaca9 align_none\"><div class=\"w-image-h\"><img decoding=\"async\" width=\"105\" height=\"137\" src=\"https:\/\/langile.eus\/wp-content\/uploads\/2023\/07\/Grupo-46.png\" class=\"attachment-full size-full\" alt=\"\" loading=\"lazy\" \/><\/div><\/div><\/div><\/div><\/div><\/div><\/section><section class=\"l-section wpb_row us_custom_0396d7fe height_auto\"><div class=\"l-section-h i-cf\"><div class=\"g-cols vc_row via_grid cols_1 laptops-cols_inherit tablets-cols_inherit mobiles-cols_1 valign_top type_default stacking_default\"><div class=\"wpb_column vc_column_container\"><div class=\"vc_column-inner\"><div class=\"w-btn-wrapper align_none\"><a class=\"w-btn us-btn-style_1 us_custom_492179a4 icon_atleft\" href=\"#\"><i class=\"fas fa-angle-left\"><\/i><span class=\"w-btn-label\">atzera<\/span><\/a><\/div><\/div><\/div><\/div><\/div><\/section>\n","protected":false},"excerpt":{"rendered":"Historia 1970 El a\u00f1o 1970 se puso en marcha el Parvulario que fue el origen de nuestra actual ikastola. 1993\/94 Durante el curso 1993\/94\u00a0 la Ikastola se publifica. 2009 En 2009, por imposici\u00f3n del Departamento de Educaci\u00f3n del Gobierno Vasco, se fusionaron todos los centros de Educaci\u00f3n secundaria de Hernani. A partir de esta fecha,...","protected":false},"author":1,"featured_media":0,"parent":0,"menu_order":0,"comment_status":"closed","ping_status":"closed","template":"","meta":{"_acf_changed":false,"footnotes":""},"class_list":["post-1011","page","type-page","status-publish","hentry"],"acf":[],"_links":{"self":[{"href":"https:\/\/langile.eus\/es\/wp-json\/wp\/v2\/pages\/1011","targetHints":{"allow":["GET"]}}],"collection":[{"href":"https:\/\/langile.eus\/es\/wp-json\/wp\/v2\/pages"}],"about":[{"href":"https:\/\/langile.eus\/es\/wp-json\/wp\/v2\/types\/page"}],"author":[{"embeddable":true,"href":"https:\/\/langile.eus\/es\/wp-json\/wp\/v2\/users\/1"}],"replies":[{"embeddable":true,"href":"https:\/\/langile.eus\/es\/wp-json\/wp\/v2\/comments?post=1011"}],"version-history":[{"count":9,"href":"https:\/\/langile.eus\/es\/wp-json\/wp\/v2\/pages\/1011\/revisions"}],"predecessor-version":[{"id":1124,"href":"https:\/\/langile.eus\/es\/wp-json\/wp\/v2\/pages\/1011\/revisions\/1124"}],"wp:attachment":[{"href":"https:\/\/langile.eus\/es\/wp-json\/wp\/v2\/media?parent=1011"}],"curies":[{"name":"wp","href":"https:\/\/api.w.org\/{rel}","templated":true}]}}