{"id":1028,"date":"2023-07-06T14:27:22","date_gmt":"2023-07-06T13:27:22","guid":{"rendered":"https:\/\/langile.eus\/metodologia\/"},"modified":"2023-08-29T12:24:47","modified_gmt":"2023-08-29T11:24:47","slug":"metodologia","status":"publish","type":"page","link":"https:\/\/langile.eus\/es\/metodologia\/","title":{"rendered":"Metodolog\u00eda"},"content":{"rendered":"<section class=\"l-section wpb_row height_auto\"><div class=\"l-section-h i-cf\"><div class=\"g-cols vc_row via_grid cols_2 laptops-cols_inherit tablets-cols_inherit mobiles-cols_1 valign_top type_default stacking_default\" style=\"--columns-gap:2.5rem;\"><div class=\"wpb_column vc_column_container\"><div class=\"vc_column-inner\"><div class=\"wpb_text_column\"><div class=\"wpb_wrapper\"><h1>Metodolog\u00eda<\/h1>\n<\/div><\/div><div class=\"wpb_text_column\"><div class=\"wpb_wrapper\"><p>La trasmisi\u00f3n de la metodolog\u00eda se realiza tanto entre los docentes\u00a0 del centro, como, entre los docentes y las familias a trav\u00e9s de las reuniones de\u00a0 aula que se celebran peri\u00f3dicamente.<\/p>\n<\/div><\/div><\/div><\/div><div class=\"wpb_column vc_column_container\"><div class=\"vc_column-inner\"><div class=\"w-image align_right\"><div class=\"w-image-h\"><img decoding=\"async\" width=\"436\" height=\"315\" src=\"https:\/\/langile.eus\/wp-content\/uploads\/2023\/07\/Grupo-221.jpg\" class=\"attachment-full size-full\" alt=\"\" loading=\"lazy\" srcset=\"https:\/\/langile.eus\/wp-content\/uploads\/2023\/07\/Grupo-221.jpg 436w, https:\/\/langile.eus\/wp-content\/uploads\/2023\/07\/Grupo-221-300x217.jpg 300w\" sizes=\"auto, (max-width: 436px) 100vw, 436px\" \/><\/div><\/div><\/div><\/div><\/div><\/div><\/section><section class=\"l-section wpb_row us_custom_f12c6d05 height_medium\"><div class=\"l-section-h i-cf\"><div class=\"g-cols vc_row via_grid cols_custom laptops-cols_inherit tablets-cols_inherit mobiles-cols_1 valign_top type_default stacking_default\" style=\"--custom-columns:1.5fr 1.5fr 3fr \"><div class=\"wpb_column vc_column_container\"><div class=\"vc_column-inner\"><div class=\"wpb_text_column\"><div class=\"wpb_wrapper\"><h1>1.<\/h1>\n<p>Se promueve\u00a0 la educaci\u00f3n basada en la adquisici\u00f3n de\u00a0 competencias.<\/p>\n<\/div><\/div><\/div><\/div><div class=\"wpb_column vc_column_container\"><div class=\"vc_column-inner\"><div class=\"wpb_text_column\"><div class=\"wpb_wrapper\"><h1>2.<\/h1>\n<p>A partir de las situaciones individuales, se intenta desarrollar las capacidades de cada alumno-a, adoptando las medidas necesarias en cada momento.<\/p>\n<\/div><\/div><\/div><\/div><div class=\"wpb_column vc_column_container\"><div class=\"vc_column-inner\"><div class=\"wpb_text_column\"><div class=\"wpb_wrapper\"><h1>3.<\/h1>\n<p>Las relaciones entre profesorado y alumnado, y entre los alumnos y alumnas se basan en el compa\u00f1erismo y el respeto mutuo. Para ello, se adecuan los horarios y la organizaci\u00f3n escolar asegurando la participaci\u00f3n de los alumnos y alumnas en el proceso educativo (sesiones de tutor\u00eda individual o colectiva, asambleas de clase, reuniones de representantes de clase &#8230;)<\/p>\n<\/div><\/div><\/div><\/div><\/div><\/div><\/section><section class=\"l-section wpb_row height_medium\"><div class=\"l-section-h i-cf\"><div class=\"g-cols vc_row via_grid cols_custom laptops-cols_inherit tablets-cols_inherit mobiles-cols_1 valign_top type_default stacking_default\" style=\"--custom-columns:3fr 1.5fr 1.5fr \"><div class=\"wpb_column vc_column_container\"><div class=\"vc_column-inner\"><div class=\"wpb_text_column\"><div class=\"wpb_wrapper\"><h1>4.<\/h1>\n<p>La escuela se entiende como un lugar de investigaci\u00f3n, adecuando para ello la organizaci\u00f3n del aula a cada edad: \u201c<em>Rincones de Trabajo<\/em>\u201d\u00a0 y\u00a0 \u201c<em>Talleres<\/em>\u201d.<\/p>\n<\/div><\/div><\/div><\/div><div class=\"wpb_column vc_column_container\"><div class=\"vc_column-inner\"><div class=\"wpb_text_column\"><div class=\"wpb_wrapper\"><h1>5.<\/h1>\n<p>La escuela estar\u00e1 integrada en su entorno. Entendemos que el conocimiento y la experiencia est\u00e1n, tambi\u00e9n,\u00a0 fuera de las aulas. Por ello, la escuela\u00a0 abrir\u00e1 sus puertas a esa realidad. Los viajes y las salidas son elementos importantes en el desarrollo curricular.<\/p>\n<\/div><\/div><\/div><\/div><div class=\"wpb_column vc_column_container\"><div class=\"vc_column-inner\"><div class=\"wpb_text_column\"><div class=\"wpb_wrapper\"><h1>6.<\/h1>\n<p>En el \u00e1rea del aprendizaje ling\u00fc\u00edstico, trabajamos los\u00a0 idiomas (euskara, castellano e ingl\u00e9s) desde un enfoque comunicativo, y de manera coordinada.<\/p>\n<\/div><\/div><\/div><\/div><\/div><\/div><\/section><section class=\"l-section wpb_row height_medium\"><div class=\"l-section-h i-cf\"><div class=\"g-cols vc_row via_grid cols_1-2-1 laptops-cols_inherit tablets-cols_inherit mobiles-cols_1 valign_top type_default stacking_default\"><div class=\"wpb_column vc_column_container\"><div class=\"vc_column-inner\"><div class=\"wpb_text_column\"><div class=\"wpb_wrapper\"><h1>7.<\/h1>\n<p>El proceso de aprendizaje\u00a0 se eval\u00faa globalmente y se comunica\u00a0 con asiduidad a las familias y a los alumnos y alumnas<\/p>\n<\/div><\/div><\/div><\/div><div class=\"wpb_column vc_column_container\"><div class=\"vc_column-inner\"><div class=\"wpb_text_column\"><div class=\"wpb_wrapper\"><h1>8.<\/h1>\n<p>La colaboraci\u00f3n entre todos los participantes de la comunidad educativa es el eje\u00a0 en el que se basa el funcionamiento de nuestra escuela.<\/p>\n<\/div><\/div><\/div><\/div><div class=\"wpb_column vc_column_container\"><div class=\"vc_column-inner\"><div class=\"wpb_text_column\"><div class=\"wpb_wrapper\"><h1>9.<\/h1>\n<p>Las aulas est\u00e1n dotadas de material comunitario y diverso.<\/p>\n<\/div><\/div><\/div><\/div><\/div><\/div><\/section><section class=\"l-section wpb_row us_custom_0396d7fe height_medium\"><div class=\"l-section-h i-cf\"><div class=\"g-cols vc_row via_grid cols_1 laptops-cols_inherit tablets-cols_inherit mobiles-cols_1 valign_top type_default stacking_default\"><div class=\"wpb_column vc_column_container\"><div class=\"vc_column-inner\"><div class=\"w-btn-wrapper align_none\"><a class=\"w-btn us-btn-style_1 us_custom_492179a4 icon_atleft\" href=\"#\"><i class=\"fas fa-angle-left\"><\/i><span class=\"w-btn-label\">Atr\u00e1s<\/span><\/a><\/div><\/div><\/div><\/div><\/div><\/section>\n","protected":false},"excerpt":{"rendered":"Metodolog\u00eda La trasmisi\u00f3n de la metodolog\u00eda se realiza tanto entre los docentes\u00a0 del centro, como, entre los docentes y las familias a trav\u00e9s de las reuniones de\u00a0 aula que se celebran peri\u00f3dicamente. 1. Se promueve\u00a0 la educaci\u00f3n basada en la adquisici\u00f3n de\u00a0 competencias. 2. A partir de las situaciones individuales, se intenta desarrollar las capacidades...","protected":false},"author":1,"featured_media":0,"parent":0,"menu_order":0,"comment_status":"closed","ping_status":"closed","template":"","meta":{"_acf_changed":false,"footnotes":""},"class_list":["post-1028","page","type-page","status-publish","hentry"],"acf":[],"_links":{"self":[{"href":"https:\/\/langile.eus\/es\/wp-json\/wp\/v2\/pages\/1028","targetHints":{"allow":["GET"]}}],"collection":[{"href":"https:\/\/langile.eus\/es\/wp-json\/wp\/v2\/pages"}],"about":[{"href":"https:\/\/langile.eus\/es\/wp-json\/wp\/v2\/types\/page"}],"author":[{"embeddable":true,"href":"https:\/\/langile.eus\/es\/wp-json\/wp\/v2\/users\/1"}],"replies":[{"embeddable":true,"href":"https:\/\/langile.eus\/es\/wp-json\/wp\/v2\/comments?post=1028"}],"version-history":[{"count":6,"href":"https:\/\/langile.eus\/es\/wp-json\/wp\/v2\/pages\/1028\/revisions"}],"predecessor-version":[{"id":1125,"href":"https:\/\/langile.eus\/es\/wp-json\/wp\/v2\/pages\/1028\/revisions\/1125"}],"wp:attachment":[{"href":"https:\/\/langile.eus\/es\/wp-json\/wp\/v2\/media?parent=1028"}],"curies":[{"name":"wp","href":"https:\/\/api.w.org\/{rel}","templated":true}]}}