{"id":4406,"date":"2023-07-05T12:02:42","date_gmt":"2023-07-05T11:02:42","guid":{"rendered":"https:\/\/langile.eus\/?page_id=4406"},"modified":"2023-12-12T12:01:28","modified_gmt":"2023-12-12T11:01:28","slug":"politica-de-privacidad","status":"publish","type":"page","link":"https:\/\/langile.eus\/es\/politica-de-privacidad\/","title":{"rendered":"Pol\u00edtica de privacidad"},"content":{"rendered":"<section class=\"l-section wpb_row us_custom_7628a107 height_auto\"><div class=\"l-section-h i-cf\"><div class=\"g-cols vc_row via_grid cols_1 laptops-cols_inherit tablets-cols_inherit mobiles-cols_1 valign_top type_default stacking_default\"><div class=\"wpb_column vc_column_container\"><div class=\"vc_column-inner\"><div class=\"wpb_text_column\"><div class=\"wpb_wrapper\"><h1>PRIBATUTASUN POLITIKA<\/h1>\n<p>&nbsp;<\/p>\n<p>La presente pol\u00edtica de privacidad tiene por objeto informar sobre los tratamientos de datos personales en este sitio web y describir los derechos de asistencia a los interesados, de conformidad con el Reglamento (UE) 2016\/679 del Parlamento Europeo y del Consejo, de 27 de abril de 2016, relativo a la protecci\u00f3n de las personas f\u00edsicas en lo que respecta al tratamiento de datos personales y a la libre circulaci\u00f3n de estos datos, y la protecci\u00f3n de los datos personales y garant\u00eda de los derechos digitales, de conformidad con la Ley Org\u00e1nica 3\/2018, de 5 de diciembre.<\/p>\n<p>&nbsp;<\/p>\n<h2><strong>\u00bfQui\u00e9n es el responsable del tratamiento de sus datos personales?<\/strong><\/h2>\n<p>Langile.eus<\/p>\n<p>NIF: G20467718<\/p>\n<p>Direcci\u00f3n: <a class=\"sc-jHZirH gLnEtj\" title=\"Mostrar mapa\">BARRIO KAROBIETA 20120 HERNANI Gipuzkoa<\/a><\/p>\n<p>Telefono: 943 24 64 92<\/p>\n<p><u>Correo electr\u00f3nico: <a href=\"mailto:laubidieta@langile.eus\">laubidieta@langile.eus<\/a><\/u><\/p>\n<h2><strong>\u00bfCon qu\u00e9 finalidad <\/strong><strong>recabamos<\/strong><strong> sus datos?<\/strong><\/h2>\n<p>Langile ikastola \u00a0almacena estos datos con la finalidad de XXX<\/p>\n<h2><strong>\u00bfDurante <\/strong><strong>cu\u00e1nto<\/strong><strong> tiempo se almacenan los datos?<\/strong><\/h2>\n<p>Mientras no ordene que se retiren, sus datos se almacenar\u00e1n en la base de datos de la web de langile.eus<\/p>\n<h2><strong>\u00bfQu\u00e9 nos legitima a utilizar sus datos?<\/strong><\/h2>\n<p>La base legal para el\u00a0tratamiento de los datos recabados a trav\u00e9s de la web\u00a0<a href=\"http:\/\/www.langile.eus\">www.langile.eus<\/a> de Langile ikastola es la siguiente:<\/p>\n<ol>\n<li>a<strong>.\u00a0<\/strong>El consentimiento expreso que nos ha dado al inscribirse.<\/li>\n<\/ol>\n<h2><strong>\u00bfA qui\u00e9n se le <\/strong><strong>ceder\u00e1n <\/strong><strong>sus datos?<\/strong><\/h2>\n<p>Langile ikastola no pondr\u00e1 estos datos a disposici\u00f3n de terceros.<\/p>\n<h2><strong>\u00bfCu\u00e1les son sus derechos cuando nos <\/strong><strong>facilita <\/strong><strong>sus datos personales?<\/strong><\/h2>\n<p>La persona que proporcione sus datos podr\u00e1 ejercer los siguientes derechos sobre los mismos:<\/p>\n<p><u><em>Derecho de acceso:<\/em><\/u> La persona que facilite sus datos a Langile ikastola podr\u00e1 solicitarle dichos datos para confirmar que est\u00e1 tratando sus datos personales.<\/p>\n<p><u><em>Derecho de rectificaci\u00f3n:<\/em><\/u> La persona que facilite sus datos podr\u00e1 solicitar la rectificaci\u00f3n de sus datos personales a Langile ikastola, si estos no son correctos o no est\u00e1n completos.<\/p>\n<p><u><em>Derecho de supresi\u00f3n:<\/em><\/u> La persona que facilite sus datos podr\u00e1 solicitar a Langile ikastola la supresi\u00f3n de sus datos personales, entre otros casos, cuando ya no sean necesarios para los objetivos para los que se recabaron.<\/p>\n<p><u><em>Derecho de oposici\u00f3n:<\/em><\/u> La persona que facilite sus datos puede oponerse a que Langile ikastola trate sus datos personales. En ese caso, Langile ikastola solo los conservar\u00e1 para hacer reclamaciones o para protegerse de ellas.<\/p>\n<p><u><em>Derecho a <\/em><\/u><u><em>limitar el <\/em><\/u><u><em>tratamiento<\/em><\/u><u><em>:<\/em><\/u> La persona que facilite sus datos\u00a0puede solicitar a Langile ikastola que no utilice sus datos personales de forma provisional y para usos espec\u00edficos. En ese caso, Langile ikastola solo los conservar\u00e1 para hacer reclamaciones o para protegerse de ellas.<\/p>\n<p><u><em>Derecho a la portabilidad:<\/em><\/u> La persona que facilite sus datos podr\u00e1 solicitar a Langile ikastola que facilite sus datos en un formato estructurado y de f\u00e1cil acceso. Del mismo modo, podr\u00e1 solicitarle que le entregue sus datos a otro responsable.<\/p>\n<p><u><em>Derecho a <\/em><\/u><u><em>revocar el consentimiento<\/em><\/u><u><em>:<\/em><\/u>\u00a0Si los datos personales se han obtenido con consentimiento expreso, la persona que facilite sus datos tendr\u00e1 derecho a revocar ese consentimiento en cualquier momento.<\/p>\n<p><u><em>Derecho a presentar reclamaciones:<\/em><\/u>\u00a0La persona que facilite sus datos tendr\u00e1 derecho a presentar una reclamaci\u00f3n ante la Agencia Espa\u00f1ola de Protecci\u00f3n de Datos, en particular si considera que el ejercicio de sus derechos no ha sido adecuado. Dicha reclamaci\u00f3n puede realizarse por v\u00eda telem\u00e1tica, a trav\u00e9s de la sede electr\u00f3nica (<a href=\"http:\/\/www.agpd.es\/\">www.agpd.es<\/a>) o dirigi\u00e9ndose a la siguiente direcci\u00f3n (C\/ Jorge Juan, 6, 28001-Madrid)<\/p>\n<p>Para ejercer cualquiera de estos derechos, la persona que facilite sus datos puede dirigirse a la direcci\u00f3n postal o la direcci\u00f3n electr\u00f3nica de Langile ikastola, presentando una copia del DNI para poder comprobar su identidad.<\/p>\n<\/div><\/div><\/div><\/div><\/div><\/div><\/section>\n","protected":false},"excerpt":{"rendered":"PRIBATUTASUN POLITIKA &nbsp; La presente pol\u00edtica de privacidad tiene por objeto informar sobre los tratamientos de datos personales en este sitio web y describir los derechos de asistencia a los interesados, de conformidad con el Reglamento (UE) 2016\/679 del Parlamento Europeo y del Consejo, de 27 de abril de 2016, relativo a la protecci\u00f3n de...","protected":false},"author":1,"featured_media":0,"parent":0,"menu_order":0,"comment_status":"closed","ping_status":"open","template":"","meta":{"_acf_changed":false,"footnotes":""},"class_list":["post-4406","page","type-page","status-publish","hentry"],"acf":[],"_links":{"self":[{"href":"https:\/\/langile.eus\/es\/wp-json\/wp\/v2\/pages\/4406","targetHints":{"allow":["GET"]}}],"collection":[{"href":"https:\/\/langile.eus\/es\/wp-json\/wp\/v2\/pages"}],"about":[{"href":"https:\/\/langile.eus\/es\/wp-json\/wp\/v2\/types\/page"}],"author":[{"embeddable":true,"href":"https:\/\/langile.eus\/es\/wp-json\/wp\/v2\/users\/1"}],"replies":[{"embeddable":true,"href":"https:\/\/langile.eus\/es\/wp-json\/wp\/v2\/comments?post=4406"}],"version-history":[{"count":1,"href":"https:\/\/langile.eus\/es\/wp-json\/wp\/v2\/pages\/4406\/revisions"}],"predecessor-version":[{"id":4407,"href":"https:\/\/langile.eus\/es\/wp-json\/wp\/v2\/pages\/4406\/revisions\/4407"}],"wp:attachment":[{"href":"https:\/\/langile.eus\/es\/wp-json\/wp\/v2\/media?parent=4406"}],"curies":[{"name":"wp","href":"https:\/\/api.w.org\/{rel}","templated":true}]}}