{"id":5201,"date":"2023-07-13T12:12:08","date_gmt":"2023-07-13T11:12:08","guid":{"rendered":"https:\/\/langile.eus\/?page_id=5201"},"modified":"2024-05-22T10:50:28","modified_gmt":"2024-05-22T09:50:28","slug":"politica-de-cookies","status":"publish","type":"page","link":"https:\/\/langile.eus\/es\/politica-de-cookies\/","title":{"rendered":"Pol\u00edtica de Cookies"},"content":{"rendered":"<section class=\"l-section wpb_row height_medium\"><div class=\"l-section-h i-cf\"><div class=\"g-cols vc_row via_grid cols_1 laptops-cols_inherit tablets-cols_inherit mobiles-cols_1 valign_top type_default stacking_default\"><div class=\"wpb_column vc_column_container\"><div class=\"vc_column-inner\"><h1 class=\"w-post-elm post_title entry-title color_link_inherit\">Pol\u00edtica de Cookies<\/h1><div class=\"wpb_text_column\"><div class=\"wpb_wrapper\"><p>Nota informativa requerida por la Ley 34\/2002 de Servicios de la Sociedad de la Informaci\u00f3n y del Comercio Electr\u00f3nico.<\/p>\n<h2>Definici\u00f3n y funci\u00f3n de las cookies<\/h2>\n<p>Las cookies son archivos que se almacenan en su dispositivo (ordenador, smartphone, televisi\u00f3n, tablet&#8230;) al visitar los sitios web. Informan a los sitios web sobre los h\u00e1bitos de navegaci\u00f3n de la persona usuaria y pueden utilizarse para conocer sus caracter\u00edsticas.<\/p>\n<p>El navegador de la persona usuaria guarda los archivos en el disco duro mientras dura la sesi\u00f3n. Ocupan muy poco y no da\u00f1an el ordenador. Las cookies no almacenan ninguna informaci\u00f3n personal concreta y la mayor\u00eda se borran del disco duro cuando se cierra la sesi\u00f3n del navegador.<\/p>\n<p>La mayor\u00eda de los navegadores aceptan las cookies de manera est\u00e1ndar y, seg\u00fan la configuraci\u00f3n de seguridad, aceptan o rechazan las cookies temporales y las almacenadas en la memoria.<\/p>\n<h2>Tipos de cookies<\/h2>\n<p>Seg\u00fan la persona que las gestiona:<\/p>\n<ul>\n<li>Cookies propias: se env\u00edan al equipo de la persona usuaria desde el equipo que gestiona la edici\u00f3n para poder prestar el servicio solicitado.<\/li>\n<li>Cookies de terceros: se env\u00edan al equipo de la persona usuaria desde un equipo gestionado por un tercero, distinto al equipo desde el que se hace la edici\u00f3n. Quien gestiona el equipo tambi\u00e9n se encarga del tratamiento de los datos obtenidos a trav\u00e9s de las cookies.<\/li>\n<\/ul>\n<p>Por tiempo de activaci\u00f3n:<\/p>\n<ul>\n<li>Cookies de sesi\u00f3n: los datos est\u00e1n dise\u00f1ados para ser recogidos y almacenados en el momento en que la persona usuaria accede a la web.<\/li>\n<li>Cookies persistentes: los datos recogidos se guardan en el terminal durante un tiempo determinado. Durante ese tiempo la persona que se encarga de la gesti\u00f3n de las cookies puede acceder a ellas y trabajar con ellas.<\/li>\n<\/ul>\n<p>Seg\u00fan el objetivo:<\/p>\n<ul>\n<li>Cookies t\u00e9cnicas: permiten a la persona usuaria navegar por el sitio web, plataforma o aplicaci\u00f3n y utilizar los servicios que ofrezca. Sus funciones son, por ejemplo, controlar el tr\u00e1fico y la comunicaci\u00f3n de datos, identificar la sesi\u00f3n, poder acceder a sitios con acceso restringido, recordar los datos de una solicitud, realizar la solicitud de inscripci\u00f3n o participaci\u00f3n en un evento, utilizar elementos de seguridad durante la navegaci\u00f3n, almacenar contenidos para difundir v\u00eddeos o sonidos y compartir contenidos a trav\u00e9s de las redes sociales.<\/li>\n<li>Cookies de personalizaci\u00f3n: permiten acceder al servicio utilizando una serie de caracter\u00edsticas predeterminadas, bien por estar presentes en el equipo o bien porque han sido determinadas por la propia persona usuaria, tales como el idioma, el navegador que utiliza para acceder al servicio, el dise\u00f1o de los contenidos seleccionados, la geolocalizaci\u00f3n de la terminal y la configuraci\u00f3n de la regi\u00f3n de acceso al servicio.<\/li>\n<li>Cookies de an\u00e1lisis: permiten seguir y analizar el comportamiento de la persona usuaria en la web. La informaci\u00f3n recibida a trav\u00e9s de este tipo de cookies se utiliza para medir la actividad del sitio web, aplicaci\u00f3n o plataforma; para preparar los perfiles de navegaci\u00f3n y para realizar mejoras en el servicio, teniendo en cuenta el uso que las personas usuarias hacen del servicio.<\/li>\n<li>Cookies publicitarias: permiten gestionar eficazmente la publicidad insertada en el sitio web o en la aplicaci\u00f3n, teniendo en cuenta, por ejemplo, el contenido editado o la frecuencia de los anuncios.<\/li>\n<li>Cookies de publicidad comportamental: permiten gestionar eficazmente la publicidad insertada en la web o aplicaci\u00f3n. En este caso, mediante la observaci\u00f3n, almacenan informaci\u00f3n sobre el comportamiento de la persona usuaria para desarrollar un perfil concreto y mostrar publicidad de uno u otro tipo en funci\u00f3n de ese perfil.<\/li>\n<\/ul>\n<h2>Cookies almacenadas por este sitio web:<\/h2>\n<ul>\n<li>Cookies de an\u00e1lisis<\/li>\n<\/ul>\n<p>Adem\u00e1s de las cookies t\u00e9cnicas y de personalizaci\u00f3n imprescindibles, este sitio web almacena:<\/p>\n<table width=\"554\">\n<tbody>\n<tr>\n<td width=\"214\">Cookie<\/td>\n<td width=\"135\">Tipo<\/td>\n<td width=\"206\">Objetivo<\/td>\n<\/tr>\n<tr>\n<td width=\"214\">_utmc<\/td>\n<td rowspan=\"4\" width=\"214\">Google Analytics<\/td>\n<td rowspan=\"4\" width=\"214\">Poder medir estad\u00edsticamente el uso del sitio web.<\/td>\n<\/tr>\n<tr>\n<td width=\"214\">_utma<\/td>\n<\/tr>\n<tr>\n<td width=\"214\">_utmb<\/td>\n<\/tr>\n<tr>\n<td width=\"214\">_utmz<\/td>\n<\/tr>\n<tr>\n<td width=\"214\">_pk_ref<\/td>\n<td rowspan=\"4\" width=\"135\">Matomo<\/td>\n<td rowspan=\"4\" width=\"206\">Poder medir estad\u00edsticamente el uso del sitio web.<\/td>\n<\/tr>\n<tr>\n<td width=\"214\">_pk_cvar<\/td>\n<\/tr>\n<tr>\n<td width=\"214\">_pk_id<\/td>\n<\/tr>\n<tr>\n<td width=\"214\">_pk_ses<\/td>\n<\/tr>\n<\/tbody>\n<\/table>\n<h2>Configuraci\u00f3n y desactivaci\u00f3n de cookies<\/h2>\n<p>Le informamos que el navegador puede configurarse para rechazar o aceptar las cookies, as\u00ed como para eliminarlas una vez cerrado el navegador, equipo o dispositivo.<\/p>\n<p>Las cookies se configuran de la siguiente manera en los navegadores m\u00e1s utilizados:<\/p>\n<ul>\n<li>Firefox &gt;Herramientas&gt;Opciones&gt;Privacidad&gt;Historia&gt;Configuraci\u00f3n personalizada<\/li>\n<li>Google Chrome &gt;Configuraci\u00f3n&gt;Mostrar opciones avanzadas&gt;Privacidad &gt;Configuraci\u00f3n del contenido&gt;Cookies.<\/li>\n<li>Internet Explorer &gt;Herramientas&gt;Opciones de Internet&gt;Privacidad&gt;Avanzada.<\/li>\n<li>Safari&gt;Prioridades&gt;Privacidad.<\/li>\n<\/ul>\n<p>Hay que tener en cuenta que si el contenido de la web es compartido a trav\u00e9s de las redes sociales, es posible que tambi\u00e9n se reciban las cookies de las p\u00e1ginas web de dichas redes sociales. Dado que no podemos controlar los ajustes de las cookies de terceros, recomendamos revisar los sitios web de esos terceros para tener informaci\u00f3n sobre sus cookies y saber c\u00f3mo gestionarlas.<\/p>\n<h2>Actualizaci\u00f3n y modificaci\u00f3n de la pol\u00edtica de cookies<\/h2>\n<p>Actualizaci\u00f3n y modificaci\u00f3n de la pol\u00edtica de cookies<br \/>\nLa pol\u00edtica de cookies de este sitio web puede modificarse de acuerdo con las obligaciones legales y las prescripciones de la Agencia Espa\u00f1ola de Protecci\u00f3n de Datos. Por lo tanto, recomendamos leer esta pol\u00edtica de vez en cuando. En caso de cambios significativos, se informar\u00e1 a los usuarios a trav\u00e9s de la web.<\/p>\n        <div id=\"cookie-button\">\n            <cookie-button><\/cookie-button>\n        <\/div>\n        \n<\/div><\/div><\/div><\/div><\/div><\/div><\/section>\n","protected":false},"excerpt":{"rendered":"Pol\u00edtica de CookiesNota informativa requerida por la Ley 34\/2002 de Servicios de la Sociedad de la Informaci\u00f3n y del Comercio Electr\u00f3nico. Definici\u00f3n y funci\u00f3n de las cookies Las cookies son archivos que se almacenan en su dispositivo (ordenador, smartphone, televisi\u00f3n, tablet&#8230;) al visitar los sitios web. Informan a los sitios web sobre los h\u00e1bitos de...","protected":false},"author":1,"featured_media":0,"parent":0,"menu_order":0,"comment_status":"closed","ping_status":"closed","template":"","meta":{"_acf_changed":false,"footnotes":""},"class_list":["post-5201","page","type-page","status-publish","hentry"],"acf":[],"_links":{"self":[{"href":"https:\/\/langile.eus\/es\/wp-json\/wp\/v2\/pages\/5201","targetHints":{"allow":["GET"]}}],"collection":[{"href":"https:\/\/langile.eus\/es\/wp-json\/wp\/v2\/pages"}],"about":[{"href":"https:\/\/langile.eus\/es\/wp-json\/wp\/v2\/types\/page"}],"author":[{"embeddable":true,"href":"https:\/\/langile.eus\/es\/wp-json\/wp\/v2\/users\/1"}],"replies":[{"embeddable":true,"href":"https:\/\/langile.eus\/es\/wp-json\/wp\/v2\/comments?post=5201"}],"version-history":[{"count":3,"href":"https:\/\/langile.eus\/es\/wp-json\/wp\/v2\/pages\/5201\/revisions"}],"predecessor-version":[{"id":5206,"href":"https:\/\/langile.eus\/es\/wp-json\/wp\/v2\/pages\/5201\/revisions\/5206"}],"wp:attachment":[{"href":"https:\/\/langile.eus\/es\/wp-json\/wp\/v2\/media?parent=5201"}],"curies":[{"name":"wp","href":"https:\/\/api.w.org\/{rel}","templated":true}]}}